{"id":22,"date":"2022-09-09T10:36:37","date_gmt":"2022-09-09T08:36:37","guid":{"rendered":"https:\/\/carolsusagna.com\/?page_id=22"},"modified":"2026-01-11T15:33:42","modified_gmt":"2026-01-11T14:33:42","slug":"creez-votre-site-avec-des-blocs","status":"publish","type":"page","link":"https:\/\/carolsusagna.com\/","title":{"rendered":"Untitled"},"content":{"rendered":"\n<p><\/p>\n\n\n\n<div class=\"wp-block-media-text alignwide has-media-on-the-right is-stacked-on-mobile\" style=\"grid-template-columns:auto 15%\"><div class=\"wp-block-media-text__content\">\n<p class=\"has-huge-font-size\">Carol SUSAGNA<\/p>\n\n\n\n<p class=\"has-extra-large-font-size\">  Psychologue Clinicienne<\/p>\n\n\n\n<p>     Expert pr\u00e8s la Cour d&#8217;Appel de Bordeaux<\/p>\n\n\n\n<div style=\"height:100px\" aria-hidden=\"true\" class=\"wp-block-spacer\"><\/div>\n\n\n\n<p>Sp\u00e9cialis\u00e9e en criminologie, victimologie et psychotraumatisme<\/p>\n\n\n\n<p>&amp; en crise suicidaire<\/p>\n\n\n\n<p>&amp; en p\u00e9rinatalit\u00e9<\/p>\n<\/div><figure class=\"wp-block-media-text__media\"><img loading=\"lazy\" decoding=\"async\" width=\"560\" height=\"640\" src=\"https:\/\/carolsusagna.com\/wp-content\/uploads\/2025\/12\/IMG_4197.jpg\" alt=\"\" class=\"wp-image-149 size-full\" srcset=\"https:\/\/carolsusagna.com\/wp-content\/uploads\/2025\/12\/IMG_4197.jpg 560w, https:\/\/carolsusagna.com\/wp-content\/uploads\/2025\/12\/IMG_4197-263x300.jpg 263w\" sizes=\"auto, (max-width: 560px) 100vw, 560px\" \/><\/figure><\/div>\n\n\n\n<p style=\"line-height:0.4\"><\/p>\n\n\n\n<p class=\"has-extra-large-font-size\"><\/p>\n\n\n\n<h2 class=\"wp-block-heading alignwide has-text-align-wide has-gigantic-font-size\" style=\"line-height:1.1\"><\/h2>\n\n\n\n<div class=\"wp-block-columns alignwide are-vertically-aligned-center is-style-twentytwentyone-columns-overlap is-layout-flex wp-container-core-columns-is-layout-9d6595d7 wp-block-columns-is-layout-flex\">\n<div class=\"wp-block-column is-vertically-aligned-center is-layout-flow wp-block-column-is-layout-flow\">\n<p><\/p>\n<\/div>\n<\/div>\n\n\n\n<p class=\"has-text-align-center\">Dipl\u00f4m\u00e9e de psychologue clinique et pathologique depuis 2004, je vous accompagne dans vos difficult\u00e9s de vie (s\u00e9paration, deuil, souffrance au travail, agression&#8230;) \u00e0 travers une approche bienveillante et psychodynamique.<\/p>\n\n\n\n<p class=\"has-text-align-center\">Sp\u00e9cialis\u00e9e en psychotraumatisme, je vous propose un accompagnement \u00e0 votre rythme qui vous permettra d&#8217;int\u00e9grer cet \u00e9v\u00e8nement dans votre parcours de vie.<\/p>\n\n\n\n<p class=\"has-text-align-center\">Egalement sp\u00e9cialis\u00e9e en p\u00e9rinatalit\u00e9, je vous propose un soutien psychologique autour des probl\u00e9matiques de PMA, deuil de grossesse, soutien \u00e0 la parentalit\u00e9.<\/p>\n\n\n\n<p><\/p>\n\n\n\n<figure class=\"wp-block-image size-full\"><img loading=\"lazy\" decoding=\"async\" width=\"640\" height=\"480\" src=\"http:\/\/carolsusagna.com\/wp-content\/uploads\/2026\/01\/IMG_4459.jpg\" alt=\"\" class=\"wp-image-168\" srcset=\"https:\/\/carolsusagna.com\/wp-content\/uploads\/2026\/01\/IMG_4459.jpg 640w, https:\/\/carolsusagna.com\/wp-content\/uploads\/2026\/01\/IMG_4459-300x225.jpg 300w\" sizes=\"auto, (max-width: 640px) 100vw, 640px\" \/><\/figure>\n\n\n\n<p><\/p>\n\n\n\n<p class=\"has-text-align-center\">Je vous re\u00e7ois dans mon cabinet, en privil\u00e9giant une prise en charge bienveillante et en lien avec vos objectifs th\u00e9rapeutiques.<\/p>\n\n\n\n<p><\/p>\n","protected":false},"excerpt":{"rendered":"<p>Dipl\u00f4m\u00e9e de psychologue clinique et pathologique depuis 2004, je vous accompagne dans vos difficult\u00e9s de vie (s\u00e9paration, deuil, souffrance au travail, agression&#8230;) \u00e0 travers une approche bienveillante et psychodynamique. Sp\u00e9cialis\u00e9e en psychotraumatisme, je vous propose un accompagnement \u00e0 votre rythme qui vous permettra d&#8217;int\u00e9grer cet \u00e9v\u00e8nement dans votre parcours de vie. Egalement sp\u00e9cialis\u00e9e en p\u00e9rinatalit\u00e9,&hellip; <a class=\"more-link\" href=\"https:\/\/carolsusagna.com\/\">Continue reading <span class=\"screen-reader-text\">Untitled<\/span><\/a><\/p>\n","protected":false},"author":1,"featured_media":0,"parent":0,"menu_order":0,"comment_status":"closed","ping_status":"closed","template":"","meta":{"footnotes":""},"class_list":["post-22","page","type-page","status-publish","hentry","entry"],"_links":{"self":[{"href":"https:\/\/carolsusagna.com\/index.php\/wp-json\/wp\/v2\/pages\/22","targetHints":{"allow":["GET"]}}],"collection":[{"href":"https:\/\/carolsusagna.com\/index.php\/wp-json\/wp\/v2\/pages"}],"about":[{"href":"https:\/\/carolsusagna.com\/index.php\/wp-json\/wp\/v2\/types\/page"}],"author":[{"embeddable":true,"href":"https:\/\/carolsusagna.com\/index.php\/wp-json\/wp\/v2\/users\/1"}],"replies":[{"embeddable":true,"href":"https:\/\/carolsusagna.com\/index.php\/wp-json\/wp\/v2\/comments?post=22"}],"version-history":[{"count":23,"href":"https:\/\/carolsusagna.com\/index.php\/wp-json\/wp\/v2\/pages\/22\/revisions"}],"predecessor-version":[{"id":170,"href":"https:\/\/carolsusagna.com\/index.php\/wp-json\/wp\/v2\/pages\/22\/revisions\/170"}],"wp:attachment":[{"href":"https:\/\/carolsusagna.com\/index.php\/wp-json\/wp\/v2\/media?parent=22"}],"curies":[{"name":"wp","href":"https:\/\/api.w.org\/{rel}","templated":true}]}}