{"id":23,"date":"2022-09-09T10:36:37","date_gmt":"2022-09-09T08:36:37","guid":{"rendered":"https:\/\/carolsusagna.com\/?page_id=23"},"modified":"2025-12-06T16:07:16","modified_gmt":"2025-12-06T15:07:16","slug":"a-propos-de","status":"publish","type":"page","link":"https:\/\/carolsusagna.com\/index.php\/a-propos-de\/","title":{"rendered":"\u00c0 propos de&#8230;"},"content":{"rendered":"\n<p>Dipl\u00f4m\u00e9e depuis 2004, ma pratique s&#8217;est enrichie au fil du temps des diff\u00e9rents  environnements de travail dans lesquels j&#8217;ai exerc\u00e9 pour devenir une pratique int\u00e9grative.<\/p>\n\n\n\n<p>Apr\u00e8s plusieurs ann\u00e9es&nbsp;de suivis psychoth\u00e9rapeutiques de jeunes en difficult\u00e9 d&#8217;insertion professionnelle, je me suis rapproch\u00e9e de mon int\u00e9r\u00eat premier pour la prise en charge des traumatismes psychiques. J&#8217;ai donc accompagn\u00e9 les sapeurs pompiers et les forces de l&#8217;ordre&nbsp;autour de cette dimension, ainsi que sur les probl\u00e9matiques de souffrance au travail.<\/p>\n\n\n\n<p>J&#8217;ai \u00e9galement accompagn\u00e9 des \u00e9quipes de professionnels de la petite enfance, ainsi que les parents de jeunes enfants autour de probl\u00e9matiques d&#8217;accompagnement \u00e0 la parentalit\u00e9.<\/p>\n\n\n\n<p>Apr\u00e8s cinq ann\u00e9es dans un service hospitalier de prise en charge des victimes d&#8217;agression, je partage mon temps professionnel entre psychoth\u00e9rapies, formations (ENM, Universit\u00e9 de Bordeaux&#8230;) et expertises judiciaires.<\/p>\n\n\n\n<p><\/p>\n\n\n<div class=\"wp-block-image is-style-rounded\">\n<figure class=\"alignright size-full is-resized\"><img loading=\"lazy\" decoding=\"async\" width=\"449\" height=\"652\" src=\"https:\/\/carolsusagna.com\/wp-content\/uploads\/2022\/09\/photo-parcours-1.png\" alt=\"\" class=\"wp-image-118\" style=\"width:225px;height:326px\" srcset=\"https:\/\/carolsusagna.com\/wp-content\/uploads\/2022\/09\/photo-parcours-1.png 449w, https:\/\/carolsusagna.com\/wp-content\/uploads\/2022\/09\/photo-parcours-1-207x300.png 207w\" sizes=\"auto, (max-width: 449px) 100vw, 449px\" \/><\/figure>\n<\/div>","protected":false},"excerpt":{"rendered":"<p>Dipl\u00f4m\u00e9e depuis 2004, ma pratique s&#8217;est enrichie au fil du temps des diff\u00e9rents environnements de travail dans lesquels j&#8217;ai exerc\u00e9 pour devenir une pratique int\u00e9grative. Apr\u00e8s plusieurs ann\u00e9es&nbsp;de suivis psychoth\u00e9rapeutiques de jeunes en difficult\u00e9 d&#8217;insertion professionnelle, je me suis rapproch\u00e9e de mon int\u00e9r\u00eat premier pour la prise en charge des traumatismes psychiques. J&#8217;ai donc accompagn\u00e9&hellip; <a class=\"more-link\" href=\"https:\/\/carolsusagna.com\/index.php\/a-propos-de\/\">Continue reading <span class=\"screen-reader-text\">\u00c0 propos de&#8230;<\/span><\/a><\/p>\n","protected":false},"author":1,"featured_media":0,"parent":0,"menu_order":0,"comment_status":"closed","ping_status":"closed","template":"","meta":{"footnotes":""},"class_list":["post-23","page","type-page","status-publish","hentry","entry"],"_links":{"self":[{"href":"https:\/\/carolsusagna.com\/index.php\/wp-json\/wp\/v2\/pages\/23","targetHints":{"allow":["GET"]}}],"collection":[{"href":"https:\/\/carolsusagna.com\/index.php\/wp-json\/wp\/v2\/pages"}],"about":[{"href":"https:\/\/carolsusagna.com\/index.php\/wp-json\/wp\/v2\/types\/page"}],"author":[{"embeddable":true,"href":"https:\/\/carolsusagna.com\/index.php\/wp-json\/wp\/v2\/users\/1"}],"replies":[{"embeddable":true,"href":"https:\/\/carolsusagna.com\/index.php\/wp-json\/wp\/v2\/comments?post=23"}],"version-history":[{"count":10,"href":"https:\/\/carolsusagna.com\/index.php\/wp-json\/wp\/v2\/pages\/23\/revisions"}],"predecessor-version":[{"id":160,"href":"https:\/\/carolsusagna.com\/index.php\/wp-json\/wp\/v2\/pages\/23\/revisions\/160"}],"wp:attachment":[{"href":"https:\/\/carolsusagna.com\/index.php\/wp-json\/wp\/v2\/media?parent=23"}],"curies":[{"name":"wp","href":"https:\/\/api.w.org\/{rel}","templated":true}]}}