{"id":24,"date":"2022-09-09T10:36:37","date_gmt":"2022-09-09T08:36:37","guid":{"rendered":"https:\/\/carolsusagna.com\/?page_id=24"},"modified":"2025-12-07T13:19:05","modified_gmt":"2025-12-07T12:19:05","slug":"contact","status":"publish","type":"page","link":"https:\/\/carolsusagna.com\/index.php\/contact\/","title":{"rendered":"Contact"},"content":{"rendered":"\n<p class=\"has-text-align-center\">Je vous re\u00e7ois sur rendez-vous au Cabinet du Jard situ\u00e9 au :<\/p>\n\n\n\n<p><\/p>\n\n\n\n<p class=\"has-text-align-center\" style=\"line-height:0.2\">4 avenue Montesquieu<\/p>\n\n\n\n<p class=\"has-text-align-center\" style=\"line-height:0.2\">33 700 M\u00e9rignac<\/p>\n\n\n\n<p class=\"has-text-align-center\"><\/p>\n\n\n\n<p class=\"has-text-align-center\" style=\"line-height:0.2\">T\u00e9l: 06 61 47 27 11<\/p>\n\n\n\n<p class=\"has-text-align-center\"><\/p>\n\n\n\n<p class=\"has-text-align-center\" style=\"line-height:0.2\">carol.susagna@gmail.com<\/p>\n\n\n\n<div style=\"height:52px\" aria-hidden=\"true\" class=\"wp-block-spacer\"><\/div>\n\n\n\n<p class=\"has-text-align-center has-normal-font-size\"><\/p>\n\n\n\n<p class=\"has-text-align-center\"><\/p>\n","protected":false},"excerpt":{"rendered":"<p>Je vous re\u00e7ois sur rendez-vous au Cabinet du Jard situ\u00e9 au : 4 avenue Montesquieu 33 700 M\u00e9rignac T\u00e9l: 06 61 47 27 11 carol.susagna@gmail.com<\/p>\n","protected":false},"author":1,"featured_media":0,"parent":0,"menu_order":0,"comment_status":"closed","ping_status":"closed","template":"","meta":{"footnotes":""},"class_list":["post-24","page","type-page","status-publish","hentry","entry"],"_links":{"self":[{"href":"https:\/\/carolsusagna.com\/index.php\/wp-json\/wp\/v2\/pages\/24","targetHints":{"allow":["GET"]}}],"collection":[{"href":"https:\/\/carolsusagna.com\/index.php\/wp-json\/wp\/v2\/pages"}],"about":[{"href":"https:\/\/carolsusagna.com\/index.php\/wp-json\/wp\/v2\/types\/page"}],"author":[{"embeddable":true,"href":"https:\/\/carolsusagna.com\/index.php\/wp-json\/wp\/v2\/users\/1"}],"replies":[{"embeddable":true,"href":"https:\/\/carolsusagna.com\/index.php\/wp-json\/wp\/v2\/comments?post=24"}],"version-history":[{"count":10,"href":"https:\/\/carolsusagna.com\/index.php\/wp-json\/wp\/v2\/pages\/24\/revisions"}],"predecessor-version":[{"id":164,"href":"https:\/\/carolsusagna.com\/index.php\/wp-json\/wp\/v2\/pages\/24\/revisions\/164"}],"wp:attachment":[{"href":"https:\/\/carolsusagna.com\/index.php\/wp-json\/wp\/v2\/media?parent=24"}],"curies":[{"name":"wp","href":"https:\/\/api.w.org\/{rel}","templated":true}]}}