{"id":61,"date":"2022-09-09T14:19:50","date_gmt":"2022-09-09T12:19:50","guid":{"rendered":"https:\/\/carolsusagna.com\/?page_id=61"},"modified":"2022-09-10T16:25:16","modified_gmt":"2022-09-10T14:25:16","slug":"formations","status":"publish","type":"page","link":"https:\/\/carolsusagna.com\/index.php\/a-propos-de\/formations\/","title":{"rendered":"Formations"},"content":{"rendered":"<div class=\"wp-block-image\">\n<figure class=\"alignright size-full is-resized\"><img loading=\"lazy\" decoding=\"async\" src=\"https:\/\/carolsusagna.com\/wp-content\/uploads\/2022\/09\/photo-formations.jpg\" alt=\"\" class=\"wp-image-96\" width=\"414\" height=\"156\" srcset=\"https:\/\/carolsusagna.com\/wp-content\/uploads\/2022\/09\/photo-formations.jpg 792w, https:\/\/carolsusagna.com\/wp-content\/uploads\/2022\/09\/photo-formations-300x114.jpg 300w, https:\/\/carolsusagna.com\/wp-content\/uploads\/2022\/09\/photo-formations-768x291.jpg 768w\" sizes=\"auto, (max-width: 414px) 100vw, 414px\" \/><\/figure>\n<\/div>\n\n\n<div style=\"height:100px\" aria-hidden=\"true\" class=\"wp-block-spacer\"><\/div>\n\n\n\n<p>2021-2022- <strong>EMDR<\/strong> &#8211; Niveau 1 et 2 &#8211; EFPE<\/p>\n\n\n\n<p>2019 &#8211; <strong>Sp\u00e9cialiste en Techniques d&#8217;Optimisation du Potentiel<\/strong> &#8211; Co-Evolution<\/p>\n\n\n\n<p>2016 &#8211; <strong>Praticien en Techniques d&#8217;Optimisation du Potentiel<\/strong> &#8211; Co-Evolution<\/p>\n\n\n\n<p>2012 &#8211; <strong>Dipl\u00f4me Universitaire en pr\u00e9vention suicide<\/strong> &#8211; Universit\u00e9 Paris 7 Jussieu<\/p>\n\n\n\n<p>2009 &#8211; <strong>Dipl\u00f4me Universitaire en p\u00e9rinatalit\u00e9<\/strong> &#8211; Universit\u00e9 Paris 11 Kremlin-Bic\u00eatre<\/p>\n\n\n\n<p>2004 &#8211; <strong>DESS de psychologie clinique et pathologique<\/strong> &#8211; Universit\u00e9 Rennes 2<\/p>\n\n\n\n<p>2003 &#8211; <strong>Dipl\u00f4me Universitaire en criminologie\/victimologie<\/strong> &#8211; Universit\u00e9 Rennes 2<\/p>\n\n\n\n<div style=\"height:100px\" aria-hidden=\"true\" class=\"wp-block-spacer\"><\/div>\n","protected":false},"excerpt":{"rendered":"<p>2021-2022- EMDR &#8211; Niveau 1 et 2 &#8211; EFPE 2019 &#8211; Sp\u00e9cialiste en Techniques d&#8217;Optimisation du Potentiel &#8211; Co-Evolution 2016 &#8211; Praticien en Techniques d&#8217;Optimisation du Potentiel &#8211; Co-Evolution 2012 &#8211; Dipl\u00f4me Universitaire en pr\u00e9vention suicide &#8211; Universit\u00e9 Paris 7 Jussieu 2009 &#8211; Dipl\u00f4me Universitaire en p\u00e9rinatalit\u00e9 &#8211; Universit\u00e9 Paris 11 Kremlin-Bic\u00eatre 2004 &#8211; DESS&hellip; <a class=\"more-link\" href=\"https:\/\/carolsusagna.com\/index.php\/a-propos-de\/formations\/\">Continue reading <span class=\"screen-reader-text\">Formations<\/span><\/a><\/p>\n","protected":false},"author":1,"featured_media":0,"parent":23,"menu_order":0,"comment_status":"closed","ping_status":"closed","template":"","meta":{"footnotes":""},"class_list":["post-61","page","type-page","status-publish","hentry","entry"],"_links":{"self":[{"href":"https:\/\/carolsusagna.com\/index.php\/wp-json\/wp\/v2\/pages\/61","targetHints":{"allow":["GET"]}}],"collection":[{"href":"https:\/\/carolsusagna.com\/index.php\/wp-json\/wp\/v2\/pages"}],"about":[{"href":"https:\/\/carolsusagna.com\/index.php\/wp-json\/wp\/v2\/types\/page"}],"author":[{"embeddable":true,"href":"https:\/\/carolsusagna.com\/index.php\/wp-json\/wp\/v2\/users\/1"}],"replies":[{"embeddable":true,"href":"https:\/\/carolsusagna.com\/index.php\/wp-json\/wp\/v2\/comments?post=61"}],"version-history":[{"count":4,"href":"https:\/\/carolsusagna.com\/index.php\/wp-json\/wp\/v2\/pages\/61\/revisions"}],"predecessor-version":[{"id":97,"href":"https:\/\/carolsusagna.com\/index.php\/wp-json\/wp\/v2\/pages\/61\/revisions\/97"}],"up":[{"embeddable":true,"href":"https:\/\/carolsusagna.com\/index.php\/wp-json\/wp\/v2\/pages\/23"}],"wp:attachment":[{"href":"https:\/\/carolsusagna.com\/index.php\/wp-json\/wp\/v2\/media?parent=61"}],"curies":[{"name":"wp","href":"https:\/\/api.w.org\/{rel}","templated":true}]}}