{"id":83,"date":"2022-09-09T16:45:09","date_gmt":"2022-09-09T14:45:09","guid":{"rendered":"https:\/\/carolsusagna.com\/?page_id=83"},"modified":"2022-09-10T16:10:21","modified_gmt":"2022-09-10T14:10:21","slug":"publications","status":"publish","type":"page","link":"https:\/\/carolsusagna.com\/index.php\/publications\/","title":{"rendered":"Publications"},"content":{"rendered":"\n<p>2009 &#8211; <em>Ces maux qui ont un sens. Approche clinique de l&#8217;insertion<\/em> &#8211; Le journal des psychologues<\/p>\n\n\n\n<p>2009 &#8211; <em>Une psychologue en mission locale: les \u00e9couter, les aider \u00e0 \u00eatre acteurs de leur sant\u00e9<\/em> &#8211; La sant\u00e9 de l&#8217;homme<\/p>\n\n\n\n<p>2009 &#8211; <em>Jeune en insertion: la sant\u00e9 en question<\/em> &#8211; La sant\u00e9 de l&#8217;homme<\/p>\n\n\n\n<p>2008 &#8211; <em>Insertion professionnelle des jeunes et pr\u00e9vention sant\u00e9: quelles articulations? <\/em>&#8211; Le journal des psychologues<\/p>\n\n\n<div class=\"wp-block-image\">\n<figure class=\"aligncenter size-full is-resized\"><img loading=\"lazy\" decoding=\"async\" src=\"https:\/\/carolsusagna.com\/wp-content\/uploads\/2022\/09\/photo-publications.jpg\" alt=\"\" class=\"wp-image-93\" width=\"335\" height=\"140\" srcset=\"https:\/\/carolsusagna.com\/wp-content\/uploads\/2022\/09\/photo-publications.jpg 347w, https:\/\/carolsusagna.com\/wp-content\/uploads\/2022\/09\/photo-publications-300x125.jpg 300w\" sizes=\"auto, (max-width: 335px) 100vw, 335px\" \/><\/figure>\n<\/div>","protected":false},"excerpt":{"rendered":"<p>2009 &#8211; Ces maux qui ont un sens. Approche clinique de l&#8217;insertion &#8211; Le journal des psychologues 2009 &#8211; Une psychologue en mission locale: les \u00e9couter, les aider \u00e0 \u00eatre acteurs de leur sant\u00e9 &#8211; La sant\u00e9 de l&#8217;homme 2009 &#8211; Jeune en insertion: la sant\u00e9 en question &#8211; La sant\u00e9 de l&#8217;homme 2008 &#8211;&hellip; <a class=\"more-link\" href=\"https:\/\/carolsusagna.com\/index.php\/publications\/\">Continue reading <span class=\"screen-reader-text\">Publications<\/span><\/a><\/p>\n","protected":false},"author":1,"featured_media":0,"parent":0,"menu_order":0,"comment_status":"closed","ping_status":"closed","template":"","meta":{"footnotes":""},"class_list":["post-83","page","type-page","status-publish","hentry","entry"],"_links":{"self":[{"href":"https:\/\/carolsusagna.com\/index.php\/wp-json\/wp\/v2\/pages\/83","targetHints":{"allow":["GET"]}}],"collection":[{"href":"https:\/\/carolsusagna.com\/index.php\/wp-json\/wp\/v2\/pages"}],"about":[{"href":"https:\/\/carolsusagna.com\/index.php\/wp-json\/wp\/v2\/types\/page"}],"author":[{"embeddable":true,"href":"https:\/\/carolsusagna.com\/index.php\/wp-json\/wp\/v2\/users\/1"}],"replies":[{"embeddable":true,"href":"https:\/\/carolsusagna.com\/index.php\/wp-json\/wp\/v2\/comments?post=83"}],"version-history":[{"count":2,"href":"https:\/\/carolsusagna.com\/index.php\/wp-json\/wp\/v2\/pages\/83\/revisions"}],"predecessor-version":[{"id":94,"href":"https:\/\/carolsusagna.com\/index.php\/wp-json\/wp\/v2\/pages\/83\/revisions\/94"}],"wp:attachment":[{"href":"https:\/\/carolsusagna.com\/index.php\/wp-json\/wp\/v2\/media?parent=83"}],"curies":[{"name":"wp","href":"https:\/\/api.w.org\/{rel}","templated":true}]}}